{"id":62,"date":"2020-04-13T11:18:52","date_gmt":"2020-04-13T11:18:52","guid":{"rendered":"http:\/\/artisigorta.net\/?page_id=62"},"modified":"2024-05-09T14:40:02","modified_gmt":"2024-05-09T11:40:02","slug":"about","status":"publish","type":"page","link":"https:\/\/artisigorta.net\/?page_id=62","title":{"rendered":"About"},"content":{"rendered":"\t\t<div data-elementor-type=\"wp-page\" data-elementor-id=\"62\" class=\"elementor elementor-62\" data-elementor-settings=\"[]\">\n\t\t\t\t\t\t\t<div class=\"elementor-section-wrap\">\n\t\t\t\t\t\t\t<section class=\"elementor-section elementor-top-section elementor-element elementor-element-5131a13e elementor-section-boxed elementor-section-height-default elementor-section-height-default\" data-id=\"5131a13e\" data-element_type=\"section\" data-settings=\"{&quot;background_background&quot;:&quot;classic&quot;}\">\n\t\t\t\t\t\t\t<div class=\"elementor-background-overlay\"><\/div>\n\t\t\t\t\t\t\t<div class=\"elementor-container elementor-column-gap-default\">\n\t\t\t\t\t<div class=\"elementor-column elementor-col-100 elementor-top-column elementor-element elementor-element-1053ca7a\" data-id=\"1053ca7a\" data-element_type=\"column\">\n\t\t\t<div class=\"elementor-widget-wrap elementor-element-populated\">\n\t\t\t\t\t\t\t\t<div class=\"elementor-element elementor-element-3d99e122 elementor-widget elementor-widget-heading\" data-id=\"3d99e122\" data-element_type=\"widget\" data-widget_type=\"heading.default\">\n\t\t\t\t<div class=\"elementor-widget-container\">\n\t\t\t<h1 class=\"elementor-heading-title elementor-size-default\">Hakk\u0131m\u0131zda<\/h1>\t\t<\/div>\n\t\t\t\t<\/div>\n\t\t\t\t\t<\/div>\n\t\t<\/div>\n\t\t\t\t\t\t\t<\/div>\n\t\t<\/section>\n\t\t\t\t<section class=\"elementor-section elementor-top-section elementor-element elementor-element-40177ae0 elementor-section-boxed elementor-section-height-default elementor-section-height-default\" data-id=\"40177ae0\" data-element_type=\"section\" data-settings=\"{&quot;background_background&quot;:&quot;classic&quot;}\">\n\t\t\t\t\t\t<div class=\"elementor-container elementor-column-gap-no\">\n\t\t\t\t\t<div class=\"elementor-column elementor-col-100 elementor-top-column elementor-element elementor-element-48096891\" data-id=\"48096891\" data-element_type=\"column\">\n\t\t\t<div class=\"elementor-widget-wrap elementor-element-populated\">\n\t\t\t\t\t\t\t\t<div class=\"elementor-element elementor-element-44ce5982 elementor-widget elementor-widget-text-editor\" data-id=\"44ce5982\" data-element_type=\"widget\" data-widget_type=\"text-editor.default\">\n\t\t\t\t<div class=\"elementor-widget-container\">\n\t\t\t\t\t\t\t<p>Art\u0131 Sigorta deneyimi ve kuvvetli partnerleri ile t\u00fcm bran\u015flarda hizmet vermektedir.\u00a0<\/p>\t\t\t\t\t\t<\/div>\n\t\t\t\t<\/div>\n\t\t\t\t<div class=\"elementor-element elementor-element-41a203d elementor-widget elementor-widget-text-editor\" data-id=\"41a203d\" data-element_type=\"widget\" data-widget_type=\"text-editor.default\">\n\t\t\t\t<div class=\"elementor-widget-container\">\n\t\t\t\t\t\t\t<p>&nbsp;2002 y\u0131l\u0131nda beri sigortac\u0131l\u0131k sekt\u00f6r\u00fcnde faaliyet g\u00f6steriyoruz. Sigorta sekt\u00f6r\u00fcne giri\u015fimiz Axa Sigorta Anonim \u015eirketi Sa\u011fl\u0131k&nbsp; Departman\u0131&#8217;nda ba\u015flad\u0131. \u0130\u015fin mutfak k\u0131sm\u0131nda ba\u015flayan yolculu\u011fumuz 2005 y\u0131l\u0131ndan yetkili ba\u011f\u0131ms\u0131z acente olarak s\u00fcr\u00fcyor.<\/p>\n<p>Sigortal\u0131lar\u0131m\u0131za m\u00fc\u015fteri de\u011fil dostumuz olarak bakar\u0131z. Sizin ihtiya\u00e7 duyaca\u011f\u0131n\u0131z sigortay\u0131 kendimize al\u0131r gibi inceler ve ayn\u0131 \u00f6zenle takip ederiz. Sigortalar\u0131n kullan\u0131m\u0131 ve hasar durumunda size birebir destek olur. Sa\u011fl\u0131\u011f\u0131n\u0131z\u0131 ya da sigortal\u0131 mal\u0131n\u0131z\u0131 korurken poli\u00e7e sa\u011fl\u0131\u011f\u0131n\u0131z\u0131 da g\u00f6zetiriz.&nbsp;<\/p>\n<p><span style=\"font-style: inherit; font-weight: inherit; background-color: var( --e-global-color-astglobalcolor4 ); color: var(--ast-global-color-3);\">S\u00f6z\u00fcm\u00fcz sizi asla g\u00fcvencesiz b\u0131rakmamakt\u0131r.&nbsp;<\/span><br><\/p>\n<h3 class=\"elementor-heading-title elementor-size-medium elementor-inline-editing pen\" style=\"font-size: 19px; font-style: normal; margin-bottom: 0px; text-transform: capitalize;\" data-elementor-setting-key=\"title\" data-pen-placeholder=\"Buraya yaz...\">G\u00f6nen\u00e7 Bilgen Y\u00fccel&amp; Onur Bilgen<\/h3>\n<p><\/p>\t\t\t\t\t\t<\/div>\n\t\t\t\t<\/div>\n\t\t\t\t<div class=\"elementor-element elementor-element-e56ab06 elementor-widget elementor-widget-text-editor\" data-id=\"e56ab06\" data-element_type=\"widget\" data-widget_type=\"text-editor.default\">\n\t\t\t\t<div class=\"elementor-widget-container\">\n\t\t\t\t\t\t\t\t\t\t\t\t\t<\/div>\n\t\t\t\t<\/div>\n\t\t\t\t\t<\/div>\n\t\t<\/div>\n\t\t\t\t\t\t\t<\/div>\n\t\t<\/section>\n\t\t\t\t\t\t<\/div>\n\t\t\t\t\t<\/div>\n\t\t","protected":false},"excerpt":{"rendered":"<p>Hakk\u0131m\u0131zda Art\u0131 Sigorta deneyimi ve kuvvetli partnerleri ile t\u00fcm bran\u015flarda hizmet vermektedir. 2002 y\u0131l\u0131nda beri sigortac\u0131l\u0131k sekt\u00f6r\u00fcnde faaliyet g\u00f6steriyoruz. Sigorta sekt\u00f6r\u00fcne giri\u015fimiz Axa Sigorta Anonim \u015eirketi Sa\u011fl\u0131k\u00a0 Departman\u0131&#8217;nda ba\u015flad\u0131. \u0130\u015fin mutfak k\u0131sm\u0131nda ba\u015flayan yolculu\u011fumuz 2005 y\u0131l\u0131ndan yetkili ba\u011f\u0131ms\u0131z acente olarak s\u00fcr\u00fcyor. Sigortal\u0131lar\u0131m\u0131za m\u00fc\u015fteri de\u011fil dostumuz olarak bakar\u0131z. Sizin ihtiya\u00e7 duyaca\u011f\u0131n\u0131z sigortay\u0131 kendimize al\u0131r gibi inceler &hellip;<\/p>\n<p class=\"read-more\"> <a class=\"\" href=\"https:\/\/artisigorta.net\/?page_id=62\"> <span class=\"screen-reader-text\">About<\/span> Devam\u0131 &raquo;<\/a><\/p>\n","protected":false},"author":1,"featured_media":0,"parent":0,"menu_order":0,"comment_status":"closed","ping_status":"closed","template":"","meta":{"footnotes":""},"class_list":["post-62","page","type-page","status-publish","hentry"],"_links":{"self":[{"href":"https:\/\/artisigorta.net\/index.php?rest_route=\/wp\/v2\/pages\/62","targetHints":{"allow":["GET"]}}],"collection":[{"href":"https:\/\/artisigorta.net\/index.php?rest_route=\/wp\/v2\/pages"}],"about":[{"href":"https:\/\/artisigorta.net\/index.php?rest_route=\/wp\/v2\/types\/page"}],"author":[{"embeddable":true,"href":"https:\/\/artisigorta.net\/index.php?rest_route=\/wp\/v2\/users\/1"}],"replies":[{"embeddable":true,"href":"https:\/\/artisigorta.net\/index.php?rest_route=%2Fwp%2Fv2%2Fcomments&post=62"}],"version-history":[{"count":22,"href":"https:\/\/artisigorta.net\/index.php?rest_route=\/wp\/v2\/pages\/62\/revisions"}],"predecessor-version":[{"id":545,"href":"https:\/\/artisigorta.net\/index.php?rest_route=\/wp\/v2\/pages\/62\/revisions\/545"}],"wp:attachment":[{"href":"https:\/\/artisigorta.net\/index.php?rest_route=%2Fwp%2Fv2%2Fmedia&parent=62"}],"curies":[{"name":"wp","href":"https:\/\/api.w.org\/{rel}","templated":true}]}}